{"id":717,"date":"2024-04-26T16:52:19","date_gmt":"2024-04-26T14:52:19","guid":{"rendered":"https:\/\/proagroca.com\/EN\/?page_id=717"},"modified":"2024-07-26T23:26:51","modified_gmt":"2024-07-26T21:26:51","slug":"fundacion","status":"publish","type":"page","link":"https:\/\/proagroca.com\/EN\/fundacion\/","title":{"rendered":"Fundaci\u00f3n"},"content":{"rendered":"\n<h2>\n\t\tFUNDACI\u00d3N<br \/>1950-1990\n\t<\/h2>\n<h2>\n\t\tWe are Proagro\n\t<\/h2>\n\t\t\t\t<img loading=\"lazy\" decoding=\"async\" src=\"https:\/\/proagroca.com\/EN\/wp-content\/uploads\/2024\/06\/Line-11.png\" alt=\"Line-11\" itemprop=\"image\" height=\"6\" width=\"89\" title=\"Line-11\" onerror=\"this.style.display='none'\"  \/>\n\t\t\t\t<img loading=\"lazy\" decoding=\"async\" src=\"https:\/\/proagroca.com\/EN\/wp-content\/uploads\/2024\/04\/IMG1-1.png\" alt=\"IMG1\" itemprop=\"image\" height=\"200\" width=\"484\" title=\"IMG1\" onerror=\"this.style.display='none'\"  \/>\n<h3>\n\t\t1959\n\t<\/h3>\n\t<p>Compa\u00f1\u00eda Financiera Industrial Centroamericana, S.A. was founded in Panama as the parent company.<\/p>\n\t\t\t\t<img loading=\"lazy\" decoding=\"async\" src=\"https:\/\/proagroca.com\/EN\/wp-content\/uploads\/2024\/04\/IMG2-1.png\" alt=\"IMG2\" itemprop=\"image\" height=\"200\" width=\"485\" title=\"IMG2\" onerror=\"this.style.display='none'\"  \/>\n<h3>\n\t\t1961\n\t<\/h3>\n\t<p>The deed of incorporation of the company Fertilizados de Centroam\u00e9rica (El Salvador), S.A. is signed. in San Salvador, on September 30, 1961.<\/p>\n\t\t\t\t<img loading=\"lazy\" decoding=\"async\" src=\"https:\/\/proagroca.com\/EN\/wp-content\/uploads\/2024\/04\/IMG3-1.png\" alt=\"IMG3\" itemprop=\"image\" height=\"200\" width=\"484\" title=\"IMG3\" onerror=\"this.style.display='none'\"  \/>\n<h3>\n\t\t1963\n\t<\/h3>\n\t<p>Acajutla Plant in El Salvador and Punta Arenas Plant in Costa Rica begin operations with different reengineering and technological updates in the agricultural sector.<\/p>\n<h2>\n\t\tWork Memory\n\t<\/h2>\n\t\t\t\t<img loading=\"lazy\" decoding=\"async\" src=\"https:\/\/proagroca.com\/EN\/wp-content\/uploads\/2024\/06\/Line-11.png\" alt=\"Line-11\" itemprop=\"image\" height=\"6\" width=\"89\" title=\"Line-11\" onerror=\"this.style.display='none'\"  \/>\n\t<p>Over the years, Grupo Proagro&#8217;s goal has been to achieve sustainable agriculture in the region. Learn more about our history in the following button.<\/p>\n\t\t\t<a href=\"https:\/\/www.fertica.com\/web\/wp-content\/uploads\/2020\/11\/Memoria-historica-2020.pdf\" target=\"_self\" rel=\"noopener\">\n\t\t\t\t\t\t\tDownload PDF\n\t\t\t\t\t<\/a>\n\n","protected":false},"excerpt":{"rendered":"<p>FUNDACI\u00d3N1950-1990 We are Proagro 1959 Compa\u00f1\u00eda Financiera Industrial Centroamericana, S.A. was founded in Panama as the parent company. 1961 The deed of incorporation of the company Fertilizados de Centroam\u00e9rica (El Salvador), S.A. is signed. in San Salvador, on September 30, 1961. 1963 Acajutla Plant in El Salvador and Punta Arenas Plant in Costa Rica begin&hellip;<\/p>\n","protected":false},"author":1,"featured_media":0,"parent":0,"menu_order":0,"comment_status":"closed","ping_status":"closed","template":"","meta":{"footnotes":""},"_links":{"self":[{"href":"https:\/\/proagroca.com\/EN\/wp-json\/wp\/v2\/pages\/717"}],"collection":[{"href":"https:\/\/proagroca.com\/EN\/wp-json\/wp\/v2\/pages"}],"about":[{"href":"https:\/\/proagroca.com\/EN\/wp-json\/wp\/v2\/types\/page"}],"author":[{"embeddable":true,"href":"https:\/\/proagroca.com\/EN\/wp-json\/wp\/v2\/users\/1"}],"replies":[{"embeddable":true,"href":"https:\/\/proagroca.com\/EN\/wp-json\/wp\/v2\/comments?post=717"}],"version-history":[{"count":19,"href":"https:\/\/proagroca.com\/EN\/wp-json\/wp\/v2\/pages\/717\/revisions"}],"predecessor-version":[{"id":2164,"href":"https:\/\/proagroca.com\/EN\/wp-json\/wp\/v2\/pages\/717\/revisions\/2164"}],"wp:attachment":[{"href":"https:\/\/proagroca.com\/EN\/wp-json\/wp\/v2\/media?parent=717"}],"curies":[{"name":"wp","href":"https:\/\/api.w.org\/{rel}","templated":true}]}}